{"id":190,"date":"2018-04-24T14:26:50","date_gmt":"2018-04-24T13:26:50","guid":{"rendered":"http:\/\/tierarztbuechler.de\/?page_id=190"},"modified":"2024-08-26T09:18:45","modified_gmt":"2024-08-26T08:18:45","slug":"leistungen","status":"publish","type":"page","link":"https:\/\/tierarztbuechler.de\/?page_id=190","title":{"rendered":"Leistungen"},"content":{"rendered":"<p style=\"text-align: center;\">In unserer modernen Kleintierpraxis betreuen wir unsere Patienten liebevoll, individuell und mit der angemessenen Ruhe und Zeit. Zwei Behandlungsr\u00e4ume, einen OP-Raum, gro\u00dfz\u00fcgigen Wartebereich, sowie R\u00f6ntgenraum und Station\u00e4rer Bereich sorgen f\u00fcr einen (m\u00f6glichst) stressfreien Aufenthalt.<\/p>\n<p><img loading=\"lazy\" decoding=\"async\" class=\"wp-image-39 size-medium aligncenter\" src=\"https:\/\/tierarztbuechler.de\/wp-content\/uploads\/2016\/04\/Buechler_021-300x200.jpg\" alt=\"\" width=\"300\" height=\"200\" srcset=\"https:\/\/tierarztbuechler.de\/wp-content\/uploads\/2016\/04\/Buechler_021-300x200.jpg 300w, https:\/\/tierarztbuechler.de\/wp-content\/uploads\/2016\/04\/Buechler_021-768x513.jpg 768w, https:\/\/tierarztbuechler.de\/wp-content\/uploads\/2016\/04\/Buechler_021-1024x684.jpg 1024w, https:\/\/tierarztbuechler.de\/wp-content\/uploads\/2016\/04\/Buechler_021-840x560.jpg 840w, https:\/\/tierarztbuechler.de\/wp-content\/uploads\/2016\/04\/Buechler_021.jpg 1200w\" sizes=\"auto, (max-width: 300px) 100vw, 300px\" \/><\/p>\n<p style=\"text-align: center;\"><strong>Auszug Leistungsspektrum :<\/strong><\/p>\n<ul style=\"text-align: center;\">\n<li>Diagnostik<\/li>\n<li>Blutuntersuchung<\/li>\n<li>Labor<\/li>\n<li>Blutdruckmessung<\/li>\n<li>Ultraschall<\/li>\n<li>Digitales R\u00f6ntgen<\/li>\n<li>Zahnr\u00f6ntgen<\/li>\n<li>Zahnbehandlungen<\/li>\n<li>Endoskopie<\/li>\n<li>Messung Augeninnendruck<\/li>\n<li>Urinuntersuchung<\/li>\n<li>Chirurgie<\/li>\n<li>EKG<\/li>\n<li>Ern\u00e4hrungsberatung<\/li>\n<li>Gesundheitscheck<\/li>\n<li>Therapie &amp; Prophylaxe von Reisekrankheiten<\/li>\n<li>Impfungen<\/li>\n<li>Alternative Heilverfahren<\/li>\n<\/ul>\n<p><img loading=\"lazy\" decoding=\"async\" class=\"wp-image-53 size-medium aligncenter\" src=\"https:\/\/tierarztbuechler.de\/wp-content\/uploads\/2016\/04\/Buechler_035-300x200.jpg\" alt=\"\" width=\"300\" height=\"200\" srcset=\"https:\/\/tierarztbuechler.de\/wp-content\/uploads\/2016\/04\/Buechler_035-300x200.jpg 300w, https:\/\/tierarztbuechler.de\/wp-content\/uploads\/2016\/04\/Buechler_035-768x513.jpg 768w, https:\/\/tierarztbuechler.de\/wp-content\/uploads\/2016\/04\/Buechler_035-1024x684.jpg 1024w, https:\/\/tierarztbuechler.de\/wp-content\/uploads\/2016\/04\/Buechler_035-840x560.jpg 840w, https:\/\/tierarztbuechler.de\/wp-content\/uploads\/2016\/04\/Buechler_035.jpg 1200w\" sizes=\"auto, (max-width: 300px) 100vw, 300px\" \/><\/p>\n","protected":false},"excerpt":{"rendered":"<p>In unserer modernen Kleintierpraxis betreuen wir unsere Patienten liebevoll, individuell und mit der angemessenen Ruhe und Zeit. Zwei Behandlungsr\u00e4ume, einen OP-Raum, gro\u00dfz\u00fcgigen Wartebereich, sowie R\u00f6ntgenraum und Station\u00e4rer Bereich sorgen f\u00fcr einen (m\u00f6glichst) stressfreien Aufenthalt. Auszug Leistungsspektrum : Diagnostik Blutuntersuchung Labor Blutdruckmessung Ultraschall Digitales R\u00f6ntgen Zahnr\u00f6ntgen Zahnbehandlungen Endoskopie Messung Augeninnendruck Urinuntersuchung Chirurgie EKG Ern\u00e4hrungsberatung Gesundheitscheck Therapie &amp; Prophylaxe von Reisekrankheiten Impfungen Alternative Heilverfahren<\/p>\n","protected":false},"author":4,"featured_media":0,"parent":0,"menu_order":10,"comment_status":"closed","ping_status":"closed","template":"","meta":{"footnotes":""},"class_list":["post-190","page","type-page","status-publish","hentry"],"jetpack_shortlink":"https:\/\/wp.me\/P76Nh5-34","jetpack_sharing_enabled":true,"_links":{"self":[{"href":"https:\/\/tierarztbuechler.de\/index.php?rest_route=\/wp\/v2\/pages\/190","targetHints":{"allow":["GET"]}}],"collection":[{"href":"https:\/\/tierarztbuechler.de\/index.php?rest_route=\/wp\/v2\/pages"}],"about":[{"href":"https:\/\/tierarztbuechler.de\/index.php?rest_route=\/wp\/v2\/types\/page"}],"author":[{"embeddable":true,"href":"https:\/\/tierarztbuechler.de\/index.php?rest_route=\/wp\/v2\/users\/4"}],"replies":[{"embeddable":true,"href":"https:\/\/tierarztbuechler.de\/index.php?rest_route=%2Fwp%2Fv2%2Fcomments&post=190"}],"version-history":[{"count":10,"href":"https:\/\/tierarztbuechler.de\/index.php?rest_route=\/wp\/v2\/pages\/190\/revisions"}],"predecessor-version":[{"id":985,"href":"https:\/\/tierarztbuechler.de\/index.php?rest_route=\/wp\/v2\/pages\/190\/revisions\/985"}],"wp:attachment":[{"href":"https:\/\/tierarztbuechler.de\/index.php?rest_route=%2Fwp%2Fv2%2Fmedia&parent=190"}],"curies":[{"name":"wp","href":"https:\/\/api.w.org\/{rel}","templated":true}]}}