{"id":260,"date":"2018-05-30T14:57:45","date_gmt":"2018-05-30T13:57:45","guid":{"rendered":"http:\/\/tierarztbuechler.de\/?page_id=260"},"modified":"2026-03-12T16:40:43","modified_gmt":"2026-03-12T15:40:43","slug":"alte-startseite","status":"publish","type":"page","link":"https:\/\/tierarztbuechler.de\/","title":{"rendered":"Herzlich Willkommen"},"content":{"rendered":"<p><img loading=\"lazy\" decoding=\"async\" class=\"alignnone wp-image-1098 size-large\" src=\"https:\/\/tierarztbuechler.de\/wp-content\/uploads\/2025\/02\/Buechler_Team_2025_2-1024x683.jpg\" alt=\"\" width=\"840\" height=\"560\" srcset=\"https:\/\/tierarztbuechler.de\/wp-content\/uploads\/2025\/02\/Buechler_Team_2025_2-1024x683.jpg 1024w, https:\/\/tierarztbuechler.de\/wp-content\/uploads\/2025\/02\/Buechler_Team_2025_2-300x200.jpg 300w, https:\/\/tierarztbuechler.de\/wp-content\/uploads\/2025\/02\/Buechler_Team_2025_2-768x512.jpg 768w, https:\/\/tierarztbuechler.de\/wp-content\/uploads\/2025\/02\/Buechler_Team_2025_2-840x560.jpg 840w, https:\/\/tierarztbuechler.de\/wp-content\/uploads\/2025\/02\/Buechler_Team_2025_2.jpg 1170w\" sizes=\"auto, (max-width: 840px) 100vw, 840px\" \/><\/p>\n<p style=\"text-align: center;\"><strong>Wir freuen uns, dass Sie uns gefunden haben !<\/strong><\/p>\n<p>&nbsp;<\/p>\n<p><strong>Aktuelles<\/strong><\/p>\n<p>Die Praxis ist am Montag, 30.03.2026, nur f\u00fcr Medikamenten- und Futterabholung zu den Sprechzeiten ge\u00f6ffnet.<\/p>\n<p>Von Dienstag, 31.03.2026 bis Donnerstag, 02.04.2026 vertritt Frau Dr. Sch\u00f6nthaler Herrn Dr. B\u00fcchler.<\/p>\n<p>&nbsp;<\/p>\n<p>Wichtig :<\/p>\n<p>Wir bitten Sie bei Krankheit und Erk\u00e4ltungssymptomen die Praxis nur mit FFP2 Maske zu betreten, um eine Ansteckung zu vermeiden.<\/p>\n<p>Medikamente k\u00f6nnen Sie vor Abholung gerne telefonisch bestellen, dann richten wir alles und verk\u00fcrzen so die Wartezeit f\u00fcr Sie. Termine k\u00f6nnen Sie sich online selber vergeben, wir sind aber auch weiterhin gerne f\u00fcr Sie telefonisch erreichbar.<\/p>\n<p>Bitte beachten Sie unseren Hinweis f\u00fcr nicht wahrgenommene Termine (<a href=\"https:\/\/tierarztbuechler.de\/?page_id=843\">HIER<\/a>)<\/p>\n<p>&nbsp;<\/p>\n<p class=\"western\" align=\"center\"><span style=\"font-size: x-large;\"><b>Kleintiernotdienst Odenwaldkreis<\/b><\/span><\/p>\n<p class=\"western\" align=\"center\"><span style=\"color: #bf0041;\"><span style=\"font-size: x-large;\">Bitte nur mit telefonischer Voranmeldung unter der Servicenummer:<\/span><\/span><\/p>\n<p class=\"western\" align=\"center\"><span style=\"font-size: x-large;\"><b>0900 700 700 8 *<\/b><\/span><\/p>\n<p class=\"western\" align=\"center\"><span style=\"font-size: large;\"><b>Notdienstzeiten:<\/b><\/span><\/p>\n<p class=\"western\" align=\"center\"><span style=\"font-size: large;\">Werktags von 18.00Uhr bis Folgetag 09.00Uhr<\/span><\/p>\n<p class=\"western\" align=\"center\"><span style=\"font-size: large;\">Wochenende \/ Feiertag: 24 Stunde<\/span><\/p>\n<p class=\"western\" align=\"center\"><span style=\"font-size: large;\">In lebensbedrohlichen F\u00e4llen k\u00f6nnen Sie sich jederzeit eine an Tierklinik mit 24 h Notfalldienst wenden.<\/span><\/p>\n<p class=\"western\" align=\"left\"><span style=\"font-size: medium;\">*2,49\u20ac\/min. Aus dem dt. Festnetz, Mobilfunknetz kann abweichen<\/span><\/p>\n<p class=\"western\" align=\"left\"><span style=\"color: #bf0041;\"><span style=\"font-size: large;\"><b>HINWEIS<\/b><\/span><\/span><span style=\"color: #bf0041;\"><span style=\"font-size: large;\">: Sollte Ihr Telefon f\u00fcr Servicenummern gesperrt sein, k\u00f6nnen Sie diese kostenfrei bei Ihrem Anbieter freischalten lassen oder versuchen es mit einem anderen Telefon, welches bei einem anderen Anbieter ist. <\/span><\/span><\/p>\n<p class=\"western\" align=\"left\"><span style=\"color: #bf0041;\"><span style=\"font-size: large;\">Kl\u00e4ren Sie dies bitte im Vorfeld ab, damit Sie uns im Notfall direkt erreichen k\u00f6nnen.<\/span><\/span><\/p>\n<p><strong>\u00c4nderungen vorbehalten<\/strong><\/p>\n<p>Tierarzt Dr. Frank B\u00fcchler<br \/>\nFriedhofstra\u00dfe 57<br \/>\n64711 Erbach<br \/>\nTelefon: 06062 . 4002<\/p>\n","protected":false},"excerpt":{"rendered":"<p>Wir freuen uns, dass Sie uns gefunden haben ! &nbsp; Aktuelles Die Praxis ist am Montag, 30.03.2026, nur f\u00fcr Medikamenten- und Futterabholung zu den Sprechzeiten ge\u00f6ffnet. Von Dienstag, 31.03.2026 bis Donnerstag, 02.04.2026 vertritt Frau Dr. Sch\u00f6nthaler Herrn Dr. B\u00fcchler. &nbsp; Wichtig : Wir bitten Sie bei Krankheit und Erk\u00e4ltungssymptomen die Praxis nur mit FFP2 Maske zu betreten, um eine Ansteckung zu vermeiden. Medikamente k\u00f6nnen Sie vor Abholung gerne telefonisch bestellen, dann richten wir alles und verk\u00fcrzen so die Wartezeit f\u00fcr Sie. Termine k\u00f6nnen Sie sich online selber vergeben, wir sind aber auch weiterhin gerne f\u00fcr Sie telefonisch erreichbar. Bitte beachten Sie unseren Hinweis f\u00fcr nicht wahrgenommene Termine (HIER) &nbsp; Kleintiernotdienst Odenwaldkreis Bitte nur mit telefonischer Voranmeldung unter der Servicenummer: 0900 700 700 8 * Notdienstzeiten: Werktags von 18.00Uhr bis Folgetag 09.00Uhr Wochenende \/ Feiertag: 24 Stunde In lebensbedrohlichen F\u00e4llen k\u00f6nnen Sie sich jederzeit eine an Tierklinik mit 24 h Notfalldienst wenden. *2,49\u20ac\/min. Aus dem dt. Festnetz, Mobilfunknetz kann abweichen HINWEIS: Sollte Ihr Telefon f\u00fcr Servicenummern gesperrt sein, k\u00f6nnen Sie diese kostenfrei bei Ihrem Anbieter freischalten &hellip;<\/p>\n","protected":false},"author":3,"featured_media":1098,"parent":0,"menu_order":0,"comment_status":"closed","ping_status":"closed","template":"","meta":{"footnotes":""},"class_list":["post-260","page","type-page","status-publish","has-post-thumbnail","hentry"],"jetpack_shortlink":"https:\/\/wp.me\/P76Nh5-4c","jetpack_sharing_enabled":true,"_links":{"self":[{"href":"https:\/\/tierarztbuechler.de\/index.php?rest_route=\/wp\/v2\/pages\/260","targetHints":{"allow":["GET"]}}],"collection":[{"href":"https:\/\/tierarztbuechler.de\/index.php?rest_route=\/wp\/v2\/pages"}],"about":[{"href":"https:\/\/tierarztbuechler.de\/index.php?rest_route=\/wp\/v2\/types\/page"}],"author":[{"embeddable":true,"href":"https:\/\/tierarztbuechler.de\/index.php?rest_route=\/wp\/v2\/users\/3"}],"replies":[{"embeddable":true,"href":"https:\/\/tierarztbuechler.de\/index.php?rest_route=%2Fwp%2Fv2%2Fcomments&post=260"}],"version-history":[{"count":10,"href":"https:\/\/tierarztbuechler.de\/index.php?rest_route=\/wp\/v2\/pages\/260\/revisions"}],"predecessor-version":[{"id":1318,"href":"https:\/\/tierarztbuechler.de\/index.php?rest_route=\/wp\/v2\/pages\/260\/revisions\/1318"}],"wp:featuredmedia":[{"embeddable":true,"href":"https:\/\/tierarztbuechler.de\/index.php?rest_route=\/wp\/v2\/media\/1098"}],"wp:attachment":[{"href":"https:\/\/tierarztbuechler.de\/index.php?rest_route=%2Fwp%2Fv2%2Fmedia&parent=260"}],"curies":[{"name":"wp","href":"https:\/\/api.w.org\/{rel}","templated":true}]}}