{"id":843,"date":"2023-07-14T12:18:32","date_gmt":"2023-07-14T11:18:32","guid":{"rendered":"https:\/\/tierarztbuechler.de\/?page_id=843"},"modified":"2025-03-31T19:29:05","modified_gmt":"2025-03-31T18:29:05","slug":"praxisinformationen","status":"publish","type":"page","link":"https:\/\/tierarztbuechler.de\/?page_id=843","title":{"rendered":"Praxisinformationen"},"content":{"rendered":"\n<p>Bitte beachten Sie den Hinweis zu nicht wahrgenommenen Terminen (siehe weiter unten).<\/p>\n\n\n\n<p><strong>Wir bieten Onlineterminbuchung an<\/strong><\/p>\n\n\n\n<p><strong>Es kann nur noch mit EC-Karte bezahlt werden<\/strong><\/p>\n\n\n\n<p>SPRECHSTUNDEN&nbsp; nach&nbsp; <strong>TERMINVERGABE !<\/strong><\/p>\n\n\n\n<p><\/p>\n\n\n\n<p>Liebe Patientbesitzer*innen,<\/p>\n\n\n\n<p>auch in unserer Praxis wird immer mehr Digital, so auch die Erinnerung an anstehende Impfungen. Bisher kannten Sie es von uns, dass Sie eine Postkarte erhalten haben.<\/p>\n\n\n\n<p>Technik entwickelt sich aber bekannterweise weiter, weshalb wir nun per E-Mail an anstehende Impfungen erinnern m\u00f6chten (das spart sowohl Papier als auch Kosten f\u00fcr Briefmarken).<\/p>\n\n\n\n<p>Aus diesem Grund m\u00f6chten wir Sie um Ihre Mithilfe bitten.<\/p>\n\n\n\n<p>Teilen Sie uns, insofern noch nicht geschehen, Ihre aktuelle E-Mail Adresse mit oder fragen Sie nach, ob Ihre Adresse noch korrekt ist.<\/p>\n\n\n\n<p>Bitte haben Sie Verst\u00e4ndnis daf\u00fcr, dass wir keine Postkarten mehr verschicken k\u00f6nnen, da der Aufwand immens gro\u00df f\u00fcr uns w\u00e4re.<\/p>\n\n\n\n<p>Sehr gerne laden wir Sie in diesem Zuge zu der kostenlosen App &#8222;PetsXL&#8220; ein, damit Sie immer und \u00fcberall Zugriff auf die erfolgten Behandlungen Ihrer Lieblinge haben. (Achtung: der Link f\u00fcr die Freischaltung, welcher per E-Mail gesendet wird, ist nur 48 Stunden g\u00fcltig!)<\/p>\n\n\n\n<p>Vielen Dank!<\/p>\n\n\n\n<p><\/p>\n\n\n<div class=\"wp-block-image\">\n<figure class=\"aligncenter size-large is-resized\"><img loading=\"lazy\" decoding=\"async\" width=\"1024\" height=\"684\" src=\"https:\/\/tierarztbuechler.de\/wp-content\/uploads\/2016\/04\/Buechler_021-1024x684.jpg\" alt=\"\" class=\"wp-image-39\" style=\"width:349px;height:233px\" srcset=\"https:\/\/tierarztbuechler.de\/wp-content\/uploads\/2016\/04\/Buechler_021-1024x684.jpg 1024w, https:\/\/tierarztbuechler.de\/wp-content\/uploads\/2016\/04\/Buechler_021-300x200.jpg 300w, https:\/\/tierarztbuechler.de\/wp-content\/uploads\/2016\/04\/Buechler_021-768x513.jpg 768w, https:\/\/tierarztbuechler.de\/wp-content\/uploads\/2016\/04\/Buechler_021-840x560.jpg 840w, https:\/\/tierarztbuechler.de\/wp-content\/uploads\/2016\/04\/Buechler_021.jpg 1200w\" sizes=\"auto, (max-width: 1024px) 100vw, 1024px\" \/><\/figure>\n<\/div>\n\n\n<h1 class=\"wp-block-heading\">Kosten f\u00fcr nicht wahrgenommene Termine<\/h1>\n\n\n\n<p>Liebe Tierbesitzer,<\/p>\n\n\n\n<p>in letzter Zeit musste wir leider vermehrt feststellen, dass Termine ausgemacht werden und dann niemand erscheint! Das ist vor allem bei gr\u00f6\u00dferen Operationen, die nat\u00fcrlich auch mit mehr Zeit eingeplant werden, sehr \u00e4rgerlich.<\/p>\n\n\n\n<p>Deshalb m\u00fcssen Termine zuk\u00fcnftig mindestens <strong>24 Stunden <\/strong>vorher abgesagt werden. Passiert dies nicht, berechnen wir eine Ausfallgeb\u00fchr:<\/p>\n\n\n\n<ul class=\"wp-block-list\">\n<li> <strong>20\u20ac<\/strong> f\u00fcr jeden nicht wahrgenommenen Termin<\/li>\n<\/ul>\n\n\n\n<ul class=\"wp-block-list\">\n<li><strong>50\u20ac<\/strong> f\u00fcr jeden nicht wahrgenommenen Operations-\/Narkosetermin<\/li>\n<\/ul>\n\n\n\n<p>Wir hoffen auf diesem Wege die Besitzer dazu anhalten zu k\u00f6nnen ihre Termine rechtzeitig abzusagen um Platz f\u00fcr andere kranke Tiere zu schaffen.<\/p>\n\n\n\n<p>Vielen Dank f\u00fcr Ihr Verst\u00e4ndnis<\/p>\n\n\n\n<p>Ihre Tierarztpraxis Dr. B\u00fcchler<\/p>\n\n\n\n<p>Die neue Notdienstgeb\u00fchr trat am 13.02.2020 in Kraft.<\/p>\n\n\n\n<ul class=\"wp-block-list\">\n<li><strong>Eine pauschale \u201cNotdienstgeb\u00fchr\u201d:<\/strong> Sie betr\u00e4gt k\u00fcnftig 50.- Euro bei einem Tierarztbesuch zu den Notdienstzeiten (s.u.). Bei mehreren zu behandelnden Tieren f\u00e4llt die Geb\u00fchr nur einmal an.<\/li>\n\n\n\n<li><strong>Achtung:<\/strong> Die GOT-Geb\u00fchrens\u00e4tze sind Nettobetr\u00e4ge. Es addieren sich noch 19% Mehrwertsteuer (9,50 \u20ac) dazu. <strong>Der Kunde muss also einmalig 59,50 Euro bezahlen.<\/strong><\/li>\n\n\n\n<li><strong>Ein Mindestsatz:<\/strong> Im Notdienst ist f\u00fcr tier\u00e4rztliche Leistungen dann zus\u00e4tzlich mindestens der 2,0-fache Satz der GOT abzurechnen.<\/li>\n\n\n\n<li><strong>Ein H\u00f6chstsatz:<\/strong> Anders als in der \u201cAlltags-GOT\u201d (maximal dreifach) d\u00fcrfen Tier\u00e4rzte im Notdienst k\u00fcnftig bis maximal zum vierfachen des GOT-Einfach-Satzes abrechnen.<\/li>\n\n\n\n<li>Zu welchen Zeiten diese neuen Notdienstgeb\u00fchrens\u00e4tze gelten, regelt die GOT ebenfalls mit genauen Zeitangaben:\n<ul class=\"wp-block-list\">\n<li>Die Nacht beginnt t\u00e4glich um 18.00 Uhr und endet um 8.00 Uhr des jeweils folgenden Tages.<\/li>\n\n\n\n<li>Das Wochenende beginnt freitags 18.00 Uhr und endet um 8.00 Uhr des jeweils folgenden Montags.<\/li>\n\n\n\n<li>An gesetzlichen Feiertagen gilt die Notdienstgeb\u00fchr von 0.00 Uhr bis 24.00 Uhr.<\/li>\n<\/ul>\n<\/li>\n<\/ul>\n\n\n\n<p>Die Behandlungen in unserer regul\u00e4ren Sprechstunde, sowie vorab vergebene Termine die eventuell au\u00dferhalb unserer Sprechzeit liegen, sind von der Geb\u00fchrenerh\u00f6hung ausgenommen!<\/p>\n\n\n\n<p>Wir hoffen, dass durch die neue Notdienst GOT die tier\u00e4rztliche Notdienstversorgung fl\u00e4chendeckend in Deutschland erhalten werden kann.<\/p>\n\n\n\n<p>Hintergrund: Warum der tier\u00e4rztliche Notdienst in Deutschland teurer werden muss:<\/p>\n\n\n\n<figure class=\"wp-block-embed is-type-wp-embed is-provider-wir-sind-tierarzt-de wp-block-embed-wir-sind-tierarzt-de\"><div class=\"wp-block-embed__wrapper\">\n<blockquote class=\"wp-embedded-content\" data-secret=\"WbSIKQMqEX\"><a href=\"https:\/\/www.wir-sind-tierarzt.de\/2018\/02\/tierarzt-notdienst-arbeitszeit\/\">Tier\u00e4rztlicher Notdienst: Arbeitsrechtliche Zeitbombe mit Image-Sprengstoff<\/a><\/blockquote><iframe loading=\"lazy\" class=\"wp-embedded-content\" sandbox=\"allow-scripts\" security=\"restricted\" style=\"position: absolute; visibility: hidden;\" title=\"&#8222;Tier\u00e4rztlicher Notdienst: Arbeitsrechtliche Zeitbombe mit Image-Sprengstoff&#8220; &#8212; wir-sind-tierarzt.de\" src=\"https:\/\/www.wir-sind-tierarzt.de\/2018\/02\/tierarzt-notdienst-arbeitszeit\/embed\/#?secret=tb86JCZfXA#?secret=WbSIKQMqEX\" data-secret=\"WbSIKQMqEX\" width=\"600\" height=\"338\" frameborder=\"0\" marginwidth=\"0\" marginheight=\"0\" scrolling=\"no\"><\/iframe>\n<\/div><\/figure>\n\n\n\n<p><strong>Notdienst<\/strong><\/p>\n\n\n\n<p>\u00dcber unseren Anrufbeantworter ist die aktuelle Notdienstregelung abrufbar !<\/p>\n","protected":false},"excerpt":{"rendered":"<p>Bitte beachten Sie den Hinweis zu nicht wahrgenommenen Terminen (siehe weiter unten). Wir bieten Onlineterminbuchung an Es kann nur noch mit EC-Karte bezahlt werden SPRECHSTUNDEN&nbsp; nach&nbsp; TERMINVERGABE ! Liebe Patientbesitzer*innen, auch in unserer Praxis wird immer mehr Digital, so auch die Erinnerung an anstehende Impfungen. Bisher kannten Sie es von uns, dass Sie eine Postkarte erhalten haben. Technik entwickelt sich aber bekannterweise weiter, weshalb wir nun per E-Mail an anstehende Impfungen erinnern m\u00f6chten (das spart sowohl Papier als auch Kosten f\u00fcr Briefmarken). Aus diesem Grund m\u00f6chten wir Sie um Ihre Mithilfe bitten. Teilen Sie uns, insofern noch nicht geschehen, Ihre aktuelle E-Mail Adresse mit oder fragen Sie nach, ob Ihre Adresse noch korrekt ist. Bitte haben Sie Verst\u00e4ndnis daf\u00fcr, dass wir keine Postkarten mehr verschicken k\u00f6nnen, da der Aufwand immens gro\u00df f\u00fcr uns w\u00e4re. Sehr gerne laden wir Sie in diesem Zuge zu der kostenlosen App &#8222;PetsXL&#8220; ein, damit Sie immer und \u00fcberall Zugriff auf die erfolgten Behandlungen Ihrer Lieblinge haben. (Achtung: der Link f\u00fcr die Freischaltung, welcher per E-Mail gesendet wird, ist nur 48 &hellip;<\/p>\n","protected":false},"author":4,"featured_media":0,"parent":0,"menu_order":0,"comment_status":"closed","ping_status":"closed","template":"","meta":{"footnotes":""},"class_list":["post-843","page","type-page","status-publish","hentry"],"jetpack_shortlink":"https:\/\/wp.me\/P76Nh5-dB","jetpack_sharing_enabled":true,"_links":{"self":[{"href":"https:\/\/tierarztbuechler.de\/index.php?rest_route=\/wp\/v2\/pages\/843","targetHints":{"allow":["GET"]}}],"collection":[{"href":"https:\/\/tierarztbuechler.de\/index.php?rest_route=\/wp\/v2\/pages"}],"about":[{"href":"https:\/\/tierarztbuechler.de\/index.php?rest_route=\/wp\/v2\/types\/page"}],"author":[{"embeddable":true,"href":"https:\/\/tierarztbuechler.de\/index.php?rest_route=\/wp\/v2\/users\/4"}],"replies":[{"embeddable":true,"href":"https:\/\/tierarztbuechler.de\/index.php?rest_route=%2Fwp%2Fv2%2Fcomments&post=843"}],"version-history":[{"count":10,"href":"https:\/\/tierarztbuechler.de\/index.php?rest_route=\/wp\/v2\/pages\/843\/revisions"}],"predecessor-version":[{"id":1143,"href":"https:\/\/tierarztbuechler.de\/index.php?rest_route=\/wp\/v2\/pages\/843\/revisions\/1143"}],"wp:attachment":[{"href":"https:\/\/tierarztbuechler.de\/index.php?rest_route=%2Fwp%2Fv2%2Fmedia&parent=843"}],"curies":[{"name":"wp","href":"https:\/\/api.w.org\/{rel}","templated":true}]}}